{"id":33,"date":"2021-12-17T13:01:05","date_gmt":"2021-12-17T13:01:05","guid":{"rendered":"https:\/\/von-anderen-medien.de\/?page_id=33"},"modified":"2025-09-12T22:04:32","modified_gmt":"2025-09-12T22:04:32","slug":"lichtverhaeltnisse","status":"publish","type":"page","link":"https:\/\/gregory.es\/index.php\/lichtverhaeltnisse\/","title":{"rendered":"\u00bbLichtverh\u00e4ltnisse\u00ab"},"content":{"rendered":"<div id=\"attachment_37\" style=\"width: 615px\" class=\"wp-caption alignnone\"><img loading=\"lazy\" decoding=\"async\" aria-describedby=\"caption-attachment-37\" class=\"wp-image-37 size-full\" src=\"https:\/\/gregory.es\/wp-content\/uploads\/2021\/12\/corral-de-locos.jpg\" alt=\"\" width=\"605\" height=\"444\" srcset=\"https:\/\/gregory.es\/wp-content\/uploads\/2021\/12\/corral-de-locos.jpg 605w, https:\/\/gregory.es\/wp-content\/uploads\/2021\/12\/corral-de-locos-300x220.jpg 300w\" sizes=\"auto, (max-width: 605px) 100vw, 605px\" \/><p id=\"caption-attachment-37\" class=\"wp-caption-text\">Francisco de Goya: Corral de locos (Hof der Irren), \u00d6l auf Zinkblech, 1793-94.<\/p><\/div>\n<p><strong>Lichtverh\u00e4ltnisse. Momente einer medialen Historiographie des Lichts<\/strong><\/p>\n<p>In dem Projekt geht es um eine Erkundung der Zusammenh\u00e4nge von Licht, Wahrheit und Wissen in der Fr\u00fchen Neuzeit. Ausgangspunkt der Betrachtung ist auf der einen Seite das Wissen vom Licht (wie auch die entsprechenden Formen der Unwissenheit oder des Nichtwissens), auf der anderen Seite das \u201eLicht des Wissens\u201d, also Licht als Metapher des Wissens. Dabei handelt es sich darum, zwei Geschichten, die gew\u00f6hnlich separat erz\u00e4hlt werden \u2013 die Geschichte des (optischen, physikalischen) Wissens vom Licht und die Geschichte der (philosophischen, theologischen, literarischen, k\u00fcnstlerischen etc.) Lichtmetaphorik \u2013 als <em>eine<\/em> Geschichte zu behandeln, n\u00e4mlich als Geschichte ihrer wechselseitigen Bestimmungen und \u00dcbertragungen. In einem \u2013 gegen\u00fcber Blumenbergs Pr\u00e4gung des Begriffs \u2013 erweiterten Verst\u00e4ndnis von Metaphorologie soll versucht werden, den \u00dcbertragungsverkehr zwischen Licht, Wahrheit und Wissen zu beschreiben. So geht es zun\u00e4chst darum, eine gr\u00f6\u00dfere Zahl von Verkehrsteilnehmern in den Blick zu bekommen. Es sind nicht nur sinnliche Anschauungen und vorphilosophische Einstellungen, die in den Begriff der Wahrheit einwandern. Wenn es darum geht, die \u00dcbertragungsbewegungen zwischen Licht und Wahrheit zu erfassen, so m\u00fcssten auch jene \u00dcbersetzungen mit einbezogen werden, die durch optischen Theorien und Ger\u00e4te, durch die Medien der Erleuchtung und Beleuchtung sowie durch die Techniken und Praktiken des Lichtgebrauchs geleistet werden. Zugleich handelt es sich darum, auch den Gegenverkehr zu beobachten: So wie die Begriffe der Wahrheit und des Wissens durch die jeweiligen Weisen des im-Licht-Seins kontaminiert werden, gehen umgekehrt die Bestimmungen von Wahrheit und Wissen in die Lichtgestaltung ihrer Zeit ein: in die Theorien des Lichts ebenso wie in das Licht der Malerei, in die allt\u00e4gliche Wahrnehmung des Lichts ebenso wie in die Konstruktion optischer Ger\u00e4te. Eine Geschichte des im-Licht-Seins w\u00e4re also zugleich eine Geschichte des In-der-Wahrheit-Seins (und umgekehrt), und die Herausforderung liegt darin, herauszufinden, worin dieses \u201eZugleich\u201c besteht.<\/p>\n<p>&nbsp;<\/p>\n","protected":false},"excerpt":{"rendered":"<p>Lichtverh\u00e4ltnisse. Momente einer medialen Historiographie des Lichts In dem Projekt geht es um eine Erkundung der Zusammenh\u00e4nge von Licht, Wahrheit und Wissen in der Fr\u00fchen Neuzeit. Ausgangspunkt der Betrachtung ist auf der einen Seite das Wissen vom Licht (wie auch die entsprechenden Formen der Unwissenheit <a class=\"more-link\" href=\"https:\/\/gregory.es\/index.php\/lichtverhaeltnisse\/\">weiterlesen&#8230;<\/a><\/p>\n","protected":false},"author":1,"featured_media":0,"parent":0,"menu_order":0,"comment_status":"closed","ping_status":"closed","template":"","meta":{"footnotes":""},"class_list":["post-33","page","type-page","status-publish","hentry"],"_links":{"self":[{"href":"https:\/\/gregory.es\/index.php\/wp-json\/wp\/v2\/pages\/33","targetHints":{"allow":["GET"]}}],"collection":[{"href":"https:\/\/gregory.es\/index.php\/wp-json\/wp\/v2\/pages"}],"about":[{"href":"https:\/\/gregory.es\/index.php\/wp-json\/wp\/v2\/types\/page"}],"author":[{"embeddable":true,"href":"https:\/\/gregory.es\/index.php\/wp-json\/wp\/v2\/users\/1"}],"replies":[{"embeddable":true,"href":"https:\/\/gregory.es\/index.php\/wp-json\/wp\/v2\/comments?post=33"}],"version-history":[{"count":5,"href":"https:\/\/gregory.es\/index.php\/wp-json\/wp\/v2\/pages\/33\/revisions"}],"predecessor-version":[{"id":408,"href":"https:\/\/gregory.es\/index.php\/wp-json\/wp\/v2\/pages\/33\/revisions\/408"}],"wp:attachment":[{"href":"https:\/\/gregory.es\/index.php\/wp-json\/wp\/v2\/media?parent=33"}],"curies":[{"name":"wp","href":"https:\/\/api.w.org\/{rel}","templated":true}]}}